{"id":230,"date":"2015-02-18T12:00:30","date_gmt":"2015-02-18T11:00:30","guid":{"rendered":"http:\/\/rockelmann-pictures.24.eu\/wordpress\/?page_id=24"},"modified":"2015-07-19T18:27:51","modified_gmt":"2015-07-19T18:27:51","slug":"die-tannenbaumverschwoerung","status":"publish","type":"page","link":"http:\/\/rockelmann-pictures.de\/wordpress\/index.php\/vergangene-produktionen\/die-tannenbaumverschwoerung\/","title":{"rendered":"Die Tannenbaumverschw\u00f6rung"},"content":{"rendered":"<p><a href=\"http:\/\/rockelmann-pictures.de\/wordpress\/wp-content\/uploads\/2015\/02\/Tannenbaumverschwoerung.jpg\"><img loading=\"lazy\" decoding=\"async\" class=\"aligncenter wp-image-25 size-full\" src=\"http:\/\/rockelmann-pictures.de\/wordpress\/wp-content\/uploads\/2015\/02\/Tannenbaumverschwoerung.jpg\" alt=\"Tannenbaumverschwoerung\" width=\"1024\" height=\"205\" \/><\/a><\/p>\n<p>&nbsp;<\/p>\n<h2>\u00a0<a href=\"http:\/\/rockelmann-pictures.de\/wordpress\/wp-content\/uploads\/2015\/02\/TB-Plakat-1_klein-1.jpg\"><img loading=\"lazy\" decoding=\"async\" class=\" wp-image-26 size-full alignleft\" src=\"http:\/\/rockelmann-pictures.de\/wordpress\/wp-content\/uploads\/2015\/02\/TB-Plakat-1_klein-1.jpg\" alt=\"TB-Plakat 1_klein (1)\" width=\"355\" height=\"532\" \/><\/a>Der Film<\/h2>\n<p>Am Ende des zweiten Weltkrieges, nach der Kapitulation Deutschlands, blieb die Stadt und der Kreis Schwarzenberg f\u00fcr sechs Wochen von den Aliierten unbesetzt. Das ist historische Tatsache. Doch es gibt auch eine Legende&#8230;<\/p>\n<p>So ger\u00e4t ein scheinbar am Bahnhof vergessener Eisenbahnwaggon in den letzten Kriegstagen ins Visier einer illustren Stammtischrunde. Der Inhalt &#8211; das goldene Tannenb\u00e4umchen, ein Beutest\u00fcck aus Russland, und ein Verm\u00f6gen wert. Doch ein deutscher Major, Werner von Blechstein, kommt ihnen wenige Stunden vor der Kapitulation auf die Schliche&#8230;<\/p>\n<p>Mit List und T\u00fccke, sowie unterst\u00fctzend durch das bizarre Handeln einiger skurriler f\u00fchrender Milit\u00e4rs bei den Aliierten, gelingt es den Verschw\u00f6rern, den Kreis Schwarzenberg von ihnen frei zu halten. Kurzer Hand wird eine Republik gegr\u00fcndet &#8211; &#8222;Die Freie Republik Schwarzenberg&#8220;&#8230;<\/p>\n<p>Der Kurzspielfilm wurde urspr\u00fcnglich f\u00fcr den Tag der Sachsen 2013 in Schwarzenberg hergestellt und lief in einem dreit\u00e4gigen Dauerprogramm rund f\u00fcnfzig mal vor ca. 2.500 begeisterten Zuschauern aus nah und fern&#8230;<\/p>\n<p>Format: 35 mm \/ 1:1,85 \/ Farbe<br \/>\nL\u00e4nge: 17 min<br \/>\nFSK: ab 6 Jahren<\/p>\n<h2>Der Trailer<\/h2>\n<p><iframe loading=\"lazy\" src=\"https:\/\/www.youtube.com\/embed\/R3B0i4U_N1g\" width=\"560\" height=\"315\" frameborder=\"0\" allowfullscreen=\"allowfullscreen\"><\/iframe><\/p>\n<p>&nbsp;<\/p>\n<figure id=\"attachment_30\" aria-describedby=\"caption-attachment-30\" style=\"width: 241px\" class=\"wp-caption aligncenter\"><a href=\"http:\/\/rockelmann-pictures.de\/wordpress\/wp-content\/uploads\/2015\/02\/TdS-P1070918k_403.jpg\"><img loading=\"lazy\" decoding=\"async\" class=\"wp-image-30 size-full\" src=\"http:\/\/rockelmann-pictures.de\/wordpress\/wp-content\/uploads\/2015\/02\/TdS-P1070918k_403.jpg\" alt=\"TdS-P1070918k_403\" width=\"241\" height=\"403\" \/><\/a><figcaption id=\"caption-attachment-30\" class=\"wp-caption-text\">Hier noch ein Bild vom Drehbuchautor, Kameramann und Ressigeur \ud83d\ude09<\/figcaption><\/figure>\n<h2 style=\"text-align: center;\">Pressestimmen<\/h2>\n<p><a href=\"http:\/\/rockelmann-pictures.de\/wordpress\/wp-content\/uploads\/2015\/02\/TBV_Blick_14.08.2013-e1424299288565.jpg\"><img loading=\"lazy\" decoding=\"async\" class=\" wp-image-31 aligncenter\" src=\"http:\/\/rockelmann-pictures.de\/wordpress\/wp-content\/uploads\/2015\/02\/TBV_Blick_14.08.2013-e1424299288565.jpg\" alt=\"TBV_Blick_14.08.2013\" width=\"1024\" height=\"726\" \/><\/a><\/p>\n<p>&nbsp;<\/p>\n<p><a href=\"http:\/\/rockelmann-pictures.de\/wordpress\/wp-content\/uploads\/2015\/02\/TBV_FP_3.jpg\"><img loading=\"lazy\" decoding=\"async\" class=\"aligncenter wp-image-32 size-full\" src=\"http:\/\/rockelmann-pictures.de\/wordpress\/wp-content\/uploads\/2015\/02\/TBV_FP_3.jpg\" alt=\"TBV_FP_3\" width=\"640\" height=\"424\" \/><\/a><\/p>\n<h2 style=\"text-align: left;\">Wir danken den Sponsoren dieses Films<\/h2>\n<ul>\n<li>Stadt Schwarzenberg<\/li>\n<li>Schumacher Packaging Gmbh Werk Schwarzenberg<\/li>\n<li>Metallbau Uhrner Antonsthal<\/li>\n<li>Holz Gro\u00df Beierfeld<\/li>\n<li>Verein S\u00e4chsischer Eisenbahnfreunde e.V.<\/li>\n<li>Museum Schlo\u00df Schwarzenberg<\/li>\n<li>MCA Leipzig<\/li>\n<\/ul>\n<p>weiterhin:<\/p>\n<ul>\n<li>Tr\u00f6delei Klarmann<\/li>\n<li>ReproZentrum Knester<\/li>\n<li>Partyservice Oeser<\/li>\n<li>Oldtimerpr\u00e4sentation Harald Br\u00e4uer<\/li>\n<li>Pferdesportverein Gr\u00fcnst\u00e4dtel e.V.<\/li>\n<li>Taxi Hofmann Schwarzenberg<\/li>\n<li>Taxi &amp; Reisebusunternehmen Gernot Weidtmann<\/li>\n<li>Verein Kunstzone e.V.<\/li>\n<li>Peter Anger<\/li>\n<li>Tino Naglefski<\/li>\n<li>Jens Fiedler<\/li>\n<li>Ronny P\u00f6tzsch<\/li>\n<li>Thomas Schumann<\/li>\n<li>Gudrun Dahnke<\/li>\n<li>Familie Nestler<\/li>\n<li>Familie Hempel<\/li>\n<li>Familie Geister<\/li>\n<li>Enrico Wiegank<\/li>\n<li>Klaus Walter<\/li>\n<li>Ralf Gruschwitz<\/li>\n<li>uva.<\/li>\n<\/ul>\n","protected":false},"excerpt":{"rendered":"<p>&nbsp; \u00a0Der Film Am Ende des zweiten Weltkrieges, nach der Kapitulation Deutschlands, blieb die Stadt und der Kreis Schwarzenberg f\u00fcr sechs Wochen von den Aliierten unbesetzt. Das ist historische Tatsache. Doch es gibt auch eine Legende&#8230; So ger\u00e4t ein scheinbar am Bahnhof vergessener Eisenbahnwaggon in den letzten Kriegstagen ins Visier einer illustren Stammtischrunde. Der Inhalt [&hellip;]<\/p>\n","protected":false},"author":2,"featured_media":0,"parent":61,"menu_order":2,"comment_status":"closed","ping_status":"closed","template":"","meta":{"footnotes":"","_links_to":"","_links_to_target":""},"class_list":["post-230","page","type-page","status-publish","hentry"],"_links":{"self":[{"href":"http:\/\/rockelmann-pictures.de\/wordpress\/index.php\/wp-json\/wp\/v2\/pages\/230","targetHints":{"allow":["GET"]}}],"collection":[{"href":"http:\/\/rockelmann-pictures.de\/wordpress\/index.php\/wp-json\/wp\/v2\/pages"}],"about":[{"href":"http:\/\/rockelmann-pictures.de\/wordpress\/index.php\/wp-json\/wp\/v2\/types\/page"}],"author":[{"embeddable":true,"href":"http:\/\/rockelmann-pictures.de\/wordpress\/index.php\/wp-json\/wp\/v2\/users\/2"}],"replies":[{"embeddable":true,"href":"http:\/\/rockelmann-pictures.de\/wordpress\/index.php\/wp-json\/wp\/v2\/comments?post=230"}],"version-history":[{"count":1,"href":"http:\/\/rockelmann-pictures.de\/wordpress\/index.php\/wp-json\/wp\/v2\/pages\/230\/revisions"}],"predecessor-version":[{"id":302,"href":"http:\/\/rockelmann-pictures.de\/wordpress\/index.php\/wp-json\/wp\/v2\/pages\/230\/revisions\/302"}],"up":[{"embeddable":true,"href":"http:\/\/rockelmann-pictures.de\/wordpress\/index.php\/wp-json\/wp\/v2\/pages\/61"}],"wp:attachment":[{"href":"http:\/\/rockelmann-pictures.de\/wordpress\/index.php\/wp-json\/wp\/v2\/media?parent=230"}],"curies":[{"name":"wp","href":"https:\/\/api.w.org\/{rel}","templated":true}]}}