{"id":36,"date":"2015-02-19T00:13:05","date_gmt":"2015-02-18T23:13:05","guid":{"rendered":"http:\/\/rockelmann-pictures.24.eu\/wordpress\/?page_id=36"},"modified":"2017-06-07T16:03:44","modified_gmt":"2017-06-07T16:03:44","slug":"36-2","status":"publish","type":"page","link":"http:\/\/rockelmann-pictures.de\/wordpress\/index.php\/36-2\/","title":{"rendered":"Das goldene Tannenb\u00e4umchen"},"content":{"rendered":"<p><a href=\"http:\/\/rockelmann-pictures.de\/wordpress\/wp-content\/uploads\/2015\/02\/goldene_Tannenbauumchen.jpg\"><img loading=\"lazy\" decoding=\"async\" class=\"alignright wp-image-14 size-full\" src=\"http:\/\/rockelmann-pictures.de\/wordpress\/wp-content\/uploads\/2015\/02\/goldene_Tannenbauumchen.jpg\" alt=\"goldene_Tannenbauumchen\" width=\"1024\" height=\"205\" \/><\/a><\/p>\n<p>&nbsp;<\/p>\n<p>&nbsp;<\/p>\n<h2 style=\"text-align: center;\">Das goldene Tannenb\u00e4umchen<\/h2>\n<h3>Um was es sich dreht&#8230;<\/h3>\n<p><a href=\"http:\/\/rockelmann-pictures.de\/wordpress\/wp-content\/uploads\/2015\/02\/Schwarzenberg_sw.jpg\"><img loading=\"lazy\" decoding=\"async\" class=\"alignright wp-image-37\" src=\"http:\/\/rockelmann-pictures.de\/wordpress\/wp-content\/uploads\/2015\/02\/Schwarzenberg_sw-300x183.jpg\" alt=\"Schwarzenberg_sw\" width=\"512\" height=\"312\" srcset=\"http:\/\/rockelmann-pictures.de\/wordpress\/wp-content\/uploads\/2015\/02\/Schwarzenberg_sw-300x183.jpg 300w, http:\/\/rockelmann-pictures.de\/wordpress\/wp-content\/uploads\/2015\/02\/Schwarzenberg_sw-550x335.jpg 550w, http:\/\/rockelmann-pictures.de\/wordpress\/wp-content\/uploads\/2015\/02\/Schwarzenberg_sw-230x140.jpg 230w, http:\/\/rockelmann-pictures.de\/wordpress\/wp-content\/uploads\/2015\/02\/Schwarzenberg_sw.jpg 640w\" sizes=\"auto, (max-width: 512px) 100vw, 512px\" \/><\/a><\/p>\n<p>Am Ende zweiten Weltkrieges bleibt der Kreis Schwarzenberg f\u00fcr sechs Wochen von den Aliierten unbesetzt. Eine illustre Stammtischrunde ergreift zusammen mit dem deutschen Major Werner von Blechstein die Gunst der Stunde und die Macht. Spontan gr\u00fcnden sie die &#8222;Freie Republik Schwarzenberg&#8220;. Ein wertvolles Beutest\u00fcck aus Russland, das &#8222;goldene Tannenb\u00e4umchen&#8220; dient fortan als Staatsreserve.<\/p>\n<p>Doch das Kunstwerk wird gestohlen! Eine turbulente Jagd beginnt. Im Folgenden wechselt das begehrte Objekt mehrfach den Besitzer.<\/p>\n<p>Dazu z\u00e4hlt auch ein kauziger Spielzeugfabrikant, der im finsteren Erzgebirgswald in seiner Manufaktur f\u00fcr R\u00e4ucherm\u00e4nner ausschlie\u00dflich Kinder besch\u00e4ftiugt.Er besitzt es ebenso kurz wie auch die Sowjets. Die Amerikaner k\u00f6nnen es schlie\u00dflich der H\u00e4ckerbande abjagen, um es nach Washington zu verschiffen. Aber ob es dort ankommt&#8230;?<\/p>\n<p>&nbsp;<\/p>\n<h3>&#8230;Das besondere am Projekt&#8230;<\/h3>\n<p><a href=\"http:\/\/rockelmann-pictures.de\/wordpress\/wp-content\/uploads\/2015\/02\/ZEICHNUNG_BELGERXk.jpg\"><img loading=\"lazy\" decoding=\"async\" class=\" wp-image-39 alignleft\" src=\"http:\/\/rockelmann-pictures.de\/wordpress\/wp-content\/uploads\/2015\/02\/ZEICHNUNG_BELGERXk-300x169.jpg\" alt=\"ZEICHNUNG_BELGERXk\" width=\"512\" height=\"289\" srcset=\"http:\/\/rockelmann-pictures.de\/wordpress\/wp-content\/uploads\/2015\/02\/ZEICHNUNG_BELGERXk-300x169.jpg 300w, http:\/\/rockelmann-pictures.de\/wordpress\/wp-content\/uploads\/2015\/02\/ZEICHNUNG_BELGERXk-1024x578.jpg 1024w, http:\/\/rockelmann-pictures.de\/wordpress\/wp-content\/uploads\/2015\/02\/ZEICHNUNG_BELGERXk-830x468.jpg 830w, http:\/\/rockelmann-pictures.de\/wordpress\/wp-content\/uploads\/2015\/02\/ZEICHNUNG_BELGERXk-550x310.jpg 550w, http:\/\/rockelmann-pictures.de\/wordpress\/wp-content\/uploads\/2015\/02\/ZEICHNUNG_BELGERXk-230x130.jpg 230w\" sizes=\"auto, (max-width: 512px) 100vw, 512px\" \/><\/a><\/p>\n<p>&#8230; ist nat\u00fcrlich die einmalige historische Begebenheit der unbesetzten Zone im Fr\u00fchjahr 1945.<\/p>\n<p>&#8230; sind interessante Bez\u00fcge zur Region, die auch heute noch von Bedeutung sind, wie die erzgebirgische Volkskunst, die Metallverarbeitung, der Bergbau.<\/p>\n<p>&#8230; sind allerlei innovative Artikel, wie Volksbadewannen, Waschger\u00e4te und Emaillewaren, sowie Presswerkzeuge f\u00fcr Volkswagen, die alle ihren Ursprung in dieser Stadt haben und sie weit und breit bekannt gemacht haben.<\/p>\n<p>&nbsp;<\/p>\n<p><a href=\"http:\/\/rockelmann-pictures.de\/wordpress\/wp-content\/uploads\/2015\/02\/Reinstrom_Pilzk.jpg\"><img loading=\"lazy\" decoding=\"async\" class=\" wp-image-42 alignright\" src=\"http:\/\/rockelmann-pictures.de\/wordpress\/wp-content\/uploads\/2015\/02\/Reinstrom_Pilzk-300x249.jpg\" alt=\"Reinstrom_Pilzk\" width=\"512\" height=\"425\" srcset=\"http:\/\/rockelmann-pictures.de\/wordpress\/wp-content\/uploads\/2015\/02\/Reinstrom_Pilzk-300x249.jpg 300w, http:\/\/rockelmann-pictures.de\/wordpress\/wp-content\/uploads\/2015\/02\/Reinstrom_Pilzk-1024x850.jpg 1024w, http:\/\/rockelmann-pictures.de\/wordpress\/wp-content\/uploads\/2015\/02\/Reinstrom_Pilzk-830x689.jpg 830w, http:\/\/rockelmann-pictures.de\/wordpress\/wp-content\/uploads\/2015\/02\/Reinstrom_Pilzk-550x456.jpg 550w, http:\/\/rockelmann-pictures.de\/wordpress\/wp-content\/uploads\/2015\/02\/Reinstrom_Pilzk-230x191.jpg 230w\" sizes=\"auto, (max-width: 512px) 100vw, 512px\" \/><\/a><\/p>\n<p>Wenngleich auch Schwarzenberg nicht so typisch f\u00fcr die Spielzeugmacherei ist, wie etwa Seiffen, so hat es heute doch eine herausragende Bedeutung im gesamten Erzgebirge, welches mittlerweile auch den Beinamen Weihnachtsland tr\u00e4gt.<\/p>\n<p>Dies verleiht dem Gebiet auch etwas geheimnisvolles, eine gewisse Mystik. Hier in den finsteren W\u00e4ldern des einzigen Miriquidi (Dunkelwald), der einst das gesamte Gebirge umschloss, muss er einfach hausen und \u00fcbers Jahr Spielzeug f\u00fcr die Kinder am Weihnachtsabend machen &#8211; der Knecht Robrecht&#8230;<\/p>\n<p><a href=\"http:\/\/rockelmann-pictures.de\/wordpress\/wp-content\/uploads\/2015\/02\/Kaue-A-MVI_0229.jpg\"><img loading=\"lazy\" decoding=\"async\" class=\" wp-image-44 size-thumbnail alignnone\" src=\"http:\/\/rockelmann-pictures.de\/wordpress\/wp-content\/uploads\/2015\/02\/Kaue-A-MVI_0229-150x150.jpg\" alt=\"Kaue-A-MVI_0229\" width=\"150\" height=\"150\" \/><\/a><a href=\"http:\/\/rockelmann-pictures.de\/wordpress\/wp-content\/uploads\/2015\/02\/W-Berg_D_MVI_0225.jpg\">\u00a0\u00a0\u00a0\u00a0 <img loading=\"lazy\" decoding=\"async\" class=\" wp-image-46 size-thumbnail alignnone\" src=\"http:\/\/rockelmann-pictures.de\/wordpress\/wp-content\/uploads\/2015\/02\/W-Berg_D_MVI_0225-150x150.jpg\" alt=\"W-Berg_D_MVI_0225\" width=\"150\" height=\"150\" \/><\/a>\u00a0\u00a0\u00a0\u00a0 <a href=\"http:\/\/rockelmann-pictures.de\/wordpress\/wp-content\/uploads\/2015\/02\/W-Berg_A_MVI_0237.jpg\"><img loading=\"lazy\" decoding=\"async\" class=\"alignnone wp-image-45 size-thumbnail\" src=\"http:\/\/rockelmann-pictures.de\/wordpress\/wp-content\/uploads\/2015\/02\/W-Berg_A_MVI_0237-150x150.jpg\" alt=\"W-Berg_A_MVI_0237\" width=\"150\" height=\"150\" \/><\/a><\/p>\n<h2>&#8230;Der Trailer&#8230;<\/h2>\n<p><iframe loading=\"lazy\" src=\"https:\/\/www.youtube.com\/embed\/6Ua82cYGUZs\" width=\"420\" height=\"315\" frameborder=\"0\" allowfullscreen=\"allowfullscreen\"><\/iframe><\/p>\n<h2>&#8230;Das Plakat&#8230;<\/h2>\n<p><a href=\"http:\/\/rockelmann-pictures.de\/wordpress\/wp-content\/uploads\/2015\/02\/GTB-Plakat-1-A1-k.jpg\"><img loading=\"lazy\" decoding=\"async\" class=\" wp-image-99 size-full aligncenter\" src=\"http:\/\/rockelmann-pictures.de\/wordpress\/wp-content\/uploads\/2015\/02\/GTB-Plakat-1-A1-k.jpg\" alt=\"GTB-Plakat 1-A1-k\" width=\"452\" height=\"640\" srcset=\"http:\/\/rockelmann-pictures.de\/wordpress\/wp-content\/uploads\/2015\/02\/GTB-Plakat-1-A1-k.jpg 452w, http:\/\/rockelmann-pictures.de\/wordpress\/wp-content\/uploads\/2015\/02\/GTB-Plakat-1-A1-k-212x300.jpg 212w, http:\/\/rockelmann-pictures.de\/wordpress\/wp-content\/uploads\/2015\/02\/GTB-Plakat-1-A1-k-230x326.jpg 230w\" sizes=\"auto, (max-width: 452px) 100vw, 452px\" \/><\/a><\/p>\n<h2>&#8230;was die Presse schreibt&#8230;<\/h2>\n<p>&nbsp;<\/p>\n<figure id=\"attachment_51\" aria-describedby=\"caption-attachment-51\" style=\"width: 640px\" class=\"wp-caption aligncenter\"><a href=\"http:\/\/rockelmann-pictures.de\/wordpress\/wp-content\/uploads\/2015\/02\/GTB_FP_2.jpg\"><img loading=\"lazy\" decoding=\"async\" class=\"wp-image-51 size-full\" src=\"http:\/\/rockelmann-pictures.de\/wordpress\/wp-content\/uploads\/2015\/02\/GTB_FP_2.jpg\" alt=\"GTB_FP_2\" width=\"640\" height=\"558\" srcset=\"http:\/\/rockelmann-pictures.de\/wordpress\/wp-content\/uploads\/2015\/02\/GTB_FP_2.jpg 640w, http:\/\/rockelmann-pictures.de\/wordpress\/wp-content\/uploads\/2015\/02\/GTB_FP_2-300x262.jpg 300w, http:\/\/rockelmann-pictures.de\/wordpress\/wp-content\/uploads\/2015\/02\/GTB_FP_2-550x480.jpg 550w, http:\/\/rockelmann-pictures.de\/wordpress\/wp-content\/uploads\/2015\/02\/GTB_FP_2-230x201.jpg 230w\" sizes=\"auto, (max-width: 640px) 100vw, 640px\" \/><\/a><figcaption id=\"caption-attachment-51\" class=\"wp-caption-text\">Freie Presse vom Dezember 2013<\/figcaption><\/figure>\n<figure id=\"attachment_52\" aria-describedby=\"caption-attachment-52\" style=\"width: 640px\" class=\"wp-caption aligncenter\"><a href=\"http:\/\/rockelmann-pictures.de\/wordpress\/wp-content\/uploads\/2015\/02\/Die_Verschwoerung_geht-weiter.jpg\"><img loading=\"lazy\" decoding=\"async\" class=\"wp-image-52\" src=\"http:\/\/rockelmann-pictures.de\/wordpress\/wp-content\/uploads\/2015\/02\/Die_Verschwoerung_geht-weiter-1024x909.jpg\" alt=\"Die_Verschwoerung_geht weiter\" width=\"640\" height=\"568\" srcset=\"http:\/\/rockelmann-pictures.de\/wordpress\/wp-content\/uploads\/2015\/02\/Die_Verschwoerung_geht-weiter-1024x909.jpg 1024w, http:\/\/rockelmann-pictures.de\/wordpress\/wp-content\/uploads\/2015\/02\/Die_Verschwoerung_geht-weiter-300x266.jpg 300w, http:\/\/rockelmann-pictures.de\/wordpress\/wp-content\/uploads\/2015\/02\/Die_Verschwoerung_geht-weiter-830x737.jpg 830w, http:\/\/rockelmann-pictures.de\/wordpress\/wp-content\/uploads\/2015\/02\/Die_Verschwoerung_geht-weiter-550x488.jpg 550w, http:\/\/rockelmann-pictures.de\/wordpress\/wp-content\/uploads\/2015\/02\/Die_Verschwoerung_geht-weiter-230x204.jpg 230w\" sizes=\"auto, (max-width: 640px) 100vw, 640px\" \/><\/a><figcaption id=\"caption-attachment-52\" class=\"wp-caption-text\">Freie Presse vom 30.12.2013<\/figcaption><\/figure>\n<p>&nbsp;<\/p>\n","protected":false},"excerpt":{"rendered":"<p>&nbsp; &nbsp; Das goldene Tannenb\u00e4umchen Um was es sich dreht&#8230; Am Ende zweiten Weltkrieges bleibt der Kreis Schwarzenberg f\u00fcr sechs Wochen von den Aliierten unbesetzt. Eine illustre Stammtischrunde ergreift zusammen mit dem deutschen Major Werner von Blechstein die Gunst der Stunde und die Macht. Spontan gr\u00fcnden sie die &#8222;Freie Republik Schwarzenberg&#8220;. Ein wertvolles Beutest\u00fcck aus [&hellip;]<\/p>\n","protected":false},"author":2,"featured_media":0,"parent":0,"menu_order":2,"comment_status":"closed","ping_status":"closed","template":"","meta":{"footnotes":"","_links_to":"","_links_to_target":""},"class_list":["post-36","page","type-page","status-publish","hentry"],"_links":{"self":[{"href":"http:\/\/rockelmann-pictures.de\/wordpress\/index.php\/wp-json\/wp\/v2\/pages\/36","targetHints":{"allow":["GET"]}}],"collection":[{"href":"http:\/\/rockelmann-pictures.de\/wordpress\/index.php\/wp-json\/wp\/v2\/pages"}],"about":[{"href":"http:\/\/rockelmann-pictures.de\/wordpress\/index.php\/wp-json\/wp\/v2\/types\/page"}],"author":[{"embeddable":true,"href":"http:\/\/rockelmann-pictures.de\/wordpress\/index.php\/wp-json\/wp\/v2\/users\/2"}],"replies":[{"embeddable":true,"href":"http:\/\/rockelmann-pictures.de\/wordpress\/index.php\/wp-json\/wp\/v2\/comments?post=36"}],"version-history":[{"count":1,"href":"http:\/\/rockelmann-pictures.de\/wordpress\/index.php\/wp-json\/wp\/v2\/pages\/36\/revisions"}],"predecessor-version":[{"id":300,"href":"http:\/\/rockelmann-pictures.de\/wordpress\/index.php\/wp-json\/wp\/v2\/pages\/36\/revisions\/300"}],"wp:attachment":[{"href":"http:\/\/rockelmann-pictures.de\/wordpress\/index.php\/wp-json\/wp\/v2\/media?parent=36"}],"curies":[{"name":"wp","href":"https:\/\/api.w.org\/{rel}","templated":true}]}}