{"id":554,"date":"2022-05-31T22:34:49","date_gmt":"2022-05-31T22:34:49","guid":{"rendered":"http:\/\/rockelmann-pictures.de\/wordpress\/?page_id=554"},"modified":"2022-05-31T22:34:49","modified_gmt":"2022-05-31T22:34:49","slug":"udos-lichtspieltheater","status":"publish","type":"page","link":"http:\/\/rockelmann-pictures.de\/wordpress\/index.php\/udos-lichtspieltheater\/","title":{"rendered":"Udos Lichtspieltheater"},"content":{"rendered":"\n<figure class=\"wp-block-gallery columns-3 is-cropped wp-block-gallery-1 is-layout-flex wp-block-gallery-is-layout-flex\"><ul class=\"blocks-gallery-grid\"><li class=\"blocks-gallery-item\"><figure><a href=\"http:\/\/rockelmann-pictures.de\/wordpress\/wp-content\/uploads\/2022\/05\/HAUPTGERICHT-PLAKAT_A4-K-scaled.jpg\"><img loading=\"lazy\" decoding=\"async\" width=\"724\" height=\"1024\" src=\"http:\/\/rockelmann-pictures.de\/wordpress\/wp-content\/uploads\/2022\/05\/HAUPTGERICHT-PLAKAT_A4-K-724x1024.jpg\" alt=\"\" data-id=\"555\" data-full-url=\"http:\/\/rockelmann-pictures.de\/wordpress\/wp-content\/uploads\/2022\/05\/HAUPTGERICHT-PLAKAT_A4-K-scaled.jpg\" data-link=\"http:\/\/rockelmann-pictures.de\/wordpress\/?attachment_id=555\" class=\"wp-image-555\" srcset=\"http:\/\/rockelmann-pictures.de\/wordpress\/wp-content\/uploads\/2022\/05\/HAUPTGERICHT-PLAKAT_A4-K-724x1024.jpg 724w, http:\/\/rockelmann-pictures.de\/wordpress\/wp-content\/uploads\/2022\/05\/HAUPTGERICHT-PLAKAT_A4-K-212x300.jpg 212w, http:\/\/rockelmann-pictures.de\/wordpress\/wp-content\/uploads\/2022\/05\/HAUPTGERICHT-PLAKAT_A4-K-768x1086.jpg 768w, http:\/\/rockelmann-pictures.de\/wordpress\/wp-content\/uploads\/2022\/05\/HAUPTGERICHT-PLAKAT_A4-K-1086x1536.jpg 1086w, http:\/\/rockelmann-pictures.de\/wordpress\/wp-content\/uploads\/2022\/05\/HAUPTGERICHT-PLAKAT_A4-K-1448x2048.jpg 1448w, http:\/\/rockelmann-pictures.de\/wordpress\/wp-content\/uploads\/2022\/05\/HAUPTGERICHT-PLAKAT_A4-K-830x1174.jpg 830w, http:\/\/rockelmann-pictures.de\/wordpress\/wp-content\/uploads\/2022\/05\/HAUPTGERICHT-PLAKAT_A4-K-230x325.jpg 230w, http:\/\/rockelmann-pictures.de\/wordpress\/wp-content\/uploads\/2022\/05\/HAUPTGERICHT-PLAKAT_A4-K-350x495.jpg 350w, http:\/\/rockelmann-pictures.de\/wordpress\/wp-content\/uploads\/2022\/05\/HAUPTGERICHT-PLAKAT_A4-K-480x679.jpg 480w, http:\/\/rockelmann-pictures.de\/wordpress\/wp-content\/uploads\/2022\/05\/HAUPTGERICHT-PLAKAT_A4-K-600x849.jpg 600w, http:\/\/rockelmann-pictures.de\/wordpress\/wp-content\/uploads\/2022\/05\/HAUPTGERICHT-PLAKAT_A4-K-scaled.jpg 1810w\" sizes=\"auto, (max-width: 724px) 100vw, 724px\" \/><\/a><\/figure><\/li><li class=\"blocks-gallery-item\"><figure><a href=\"http:\/\/rockelmann-pictures.de\/wordpress\/wp-content\/uploads\/2022\/05\/LT-PLAKAT_A4_K-scaled.jpg\"><img loading=\"lazy\" decoding=\"async\" width=\"724\" height=\"1024\" src=\"http:\/\/rockelmann-pictures.de\/wordpress\/wp-content\/uploads\/2022\/05\/LT-PLAKAT_A4_K-724x1024.jpg\" alt=\"\" data-id=\"556\" data-full-url=\"http:\/\/rockelmann-pictures.de\/wordpress\/wp-content\/uploads\/2022\/05\/LT-PLAKAT_A4_K-scaled.jpg\" data-link=\"http:\/\/rockelmann-pictures.de\/wordpress\/?attachment_id=556\" class=\"wp-image-556\" srcset=\"http:\/\/rockelmann-pictures.de\/wordpress\/wp-content\/uploads\/2022\/05\/LT-PLAKAT_A4_K-724x1024.jpg 724w, http:\/\/rockelmann-pictures.de\/wordpress\/wp-content\/uploads\/2022\/05\/LT-PLAKAT_A4_K-212x300.jpg 212w, http:\/\/rockelmann-pictures.de\/wordpress\/wp-content\/uploads\/2022\/05\/LT-PLAKAT_A4_K-768x1086.jpg 768w, http:\/\/rockelmann-pictures.de\/wordpress\/wp-content\/uploads\/2022\/05\/LT-PLAKAT_A4_K-1086x1536.jpg 1086w, http:\/\/rockelmann-pictures.de\/wordpress\/wp-content\/uploads\/2022\/05\/LT-PLAKAT_A4_K-1448x2048.jpg 1448w, http:\/\/rockelmann-pictures.de\/wordpress\/wp-content\/uploads\/2022\/05\/LT-PLAKAT_A4_K-830x1174.jpg 830w, http:\/\/rockelmann-pictures.de\/wordpress\/wp-content\/uploads\/2022\/05\/LT-PLAKAT_A4_K-230x325.jpg 230w, http:\/\/rockelmann-pictures.de\/wordpress\/wp-content\/uploads\/2022\/05\/LT-PLAKAT_A4_K-350x495.jpg 350w, http:\/\/rockelmann-pictures.de\/wordpress\/wp-content\/uploads\/2022\/05\/LT-PLAKAT_A4_K-480x679.jpg 480w, http:\/\/rockelmann-pictures.de\/wordpress\/wp-content\/uploads\/2022\/05\/LT-PLAKAT_A4_K-600x849.jpg 600w, http:\/\/rockelmann-pictures.de\/wordpress\/wp-content\/uploads\/2022\/05\/LT-PLAKAT_A4_K-scaled.jpg 1810w\" sizes=\"auto, (max-width: 724px) 100vw, 724px\" \/><\/a><\/figure><\/li><li class=\"blocks-gallery-item\"><figure><a href=\"http:\/\/rockelmann-pictures.de\/wordpress\/wp-content\/uploads\/2022\/05\/OMA-PLAKAT_A4-K-scaled.jpg\"><img loading=\"lazy\" decoding=\"async\" width=\"724\" height=\"1024\" src=\"http:\/\/rockelmann-pictures.de\/wordpress\/wp-content\/uploads\/2022\/05\/OMA-PLAKAT_A4-K-724x1024.jpg\" alt=\"\" data-id=\"557\" data-full-url=\"http:\/\/rockelmann-pictures.de\/wordpress\/wp-content\/uploads\/2022\/05\/OMA-PLAKAT_A4-K-scaled.jpg\" data-link=\"http:\/\/rockelmann-pictures.de\/wordpress\/?attachment_id=557\" class=\"wp-image-557\" srcset=\"http:\/\/rockelmann-pictures.de\/wordpress\/wp-content\/uploads\/2022\/05\/OMA-PLAKAT_A4-K-724x1024.jpg 724w, http:\/\/rockelmann-pictures.de\/wordpress\/wp-content\/uploads\/2022\/05\/OMA-PLAKAT_A4-K-212x300.jpg 212w, http:\/\/rockelmann-pictures.de\/wordpress\/wp-content\/uploads\/2022\/05\/OMA-PLAKAT_A4-K-768x1086.jpg 768w, http:\/\/rockelmann-pictures.de\/wordpress\/wp-content\/uploads\/2022\/05\/OMA-PLAKAT_A4-K-1086x1536.jpg 1086w, http:\/\/rockelmann-pictures.de\/wordpress\/wp-content\/uploads\/2022\/05\/OMA-PLAKAT_A4-K-1448x2048.jpg 1448w, http:\/\/rockelmann-pictures.de\/wordpress\/wp-content\/uploads\/2022\/05\/OMA-PLAKAT_A4-K-830x1174.jpg 830w, http:\/\/rockelmann-pictures.de\/wordpress\/wp-content\/uploads\/2022\/05\/OMA-PLAKAT_A4-K-230x325.jpg 230w, http:\/\/rockelmann-pictures.de\/wordpress\/wp-content\/uploads\/2022\/05\/OMA-PLAKAT_A4-K-350x495.jpg 350w, http:\/\/rockelmann-pictures.de\/wordpress\/wp-content\/uploads\/2022\/05\/OMA-PLAKAT_A4-K-480x679.jpg 480w, http:\/\/rockelmann-pictures.de\/wordpress\/wp-content\/uploads\/2022\/05\/OMA-PLAKAT_A4-K-600x849.jpg 600w, http:\/\/rockelmann-pictures.de\/wordpress\/wp-content\/uploads\/2022\/05\/OMA-PLAKAT_A4-K-scaled.jpg 1810w\" sizes=\"auto, (max-width: 724px) 100vw, 724px\" \/><\/a><\/figure><\/li><\/ul><\/figure>\n\n\n\n<p>Mit \u201eOma im TV-Koma\u201c lernen auch die Bilder wieder das Laufen und der aufmerksame Zuschauer entdeckt dabei im uralt neuen Stummfilm- Schinken bereits ansatzweise die Probleme der heutigen Zeit. Ganz nebenbei bekommt er einen Einblick in den Ablauf der analogen Kinematografie. So war Kino fr\u00fcher, mit Klavier und Ger\u00e4uschemacher, aber ohne Popcorn.<br>OMA IM TV-KOMA &#8211; oder finde sich wer kann<\/p>\n\n\n\n<p>Aber das Kino hat`s nicht leicht, die Jugend auch nicht. Sie wird trotz Freigang von den Verf\u00fchrungen der digitalen Medienwelt in deren Bannstrahl gelockt und im Verborgenen gehalten.<br>Es gibt aber auch Hoffnung. Einzelne junge Menschen finden wieder zur Natur zur\u00fcck! Wenngleich ihre hochgesteckten Lebenstr\u00e4ume wie Seifenblasen platzen, entdecken sie ihre Umwelt pl\u00f6tzlich taufrisch, wie nach einem Dornr\u00f6schenschlaf.<br>PLATZENDE LEBENS(T)R\u00c4UME<\/p>\n\n\n\n<p>Doch auch die Gastronomie k\u00e4mpft verbittert und versch\u00e4rft ums \u00dcberleben. Was dabei Einzelne leisten, grenzt an \u00dcbermenschliches und h\u00e4tte selbst Aktivisten wie Adolf Hennecke<br>im tiefsten Schacht bla\u00df werden lassen. Ein dreifach Hoch auf die letzten Gastronomen!<br>DAS HAUPTGERICHT &#8211; ein K\u00fcchenrapport<\/p>\n","protected":false},"excerpt":{"rendered":"<p>Mit \u201eOma im TV-Koma\u201c lernen auch die Bilder wieder das Laufen und der aufmerksame Zuschauer entdeckt dabei im uralt neuen Stummfilm- Schinken bereits ansatzweise die Probleme der heutigen Zeit. Ganz nebenbei bekommt er einen Einblick in den Ablauf der analogen Kinematografie. So war Kino fr\u00fcher, mit Klavier und Ger\u00e4uschemacher, aber ohne Popcorn.OMA IM TV-KOMA &#8211; [&hellip;]<\/p>\n","protected":false},"author":1,"featured_media":0,"parent":0,"menu_order":0,"comment_status":"closed","ping_status":"closed","template":"","meta":{"footnotes":"","_links_to":"","_links_to_target":""},"class_list":["post-554","page","type-page","status-publish","hentry"],"_links":{"self":[{"href":"http:\/\/rockelmann-pictures.de\/wordpress\/index.php\/wp-json\/wp\/v2\/pages\/554","targetHints":{"allow":["GET"]}}],"collection":[{"href":"http:\/\/rockelmann-pictures.de\/wordpress\/index.php\/wp-json\/wp\/v2\/pages"}],"about":[{"href":"http:\/\/rockelmann-pictures.de\/wordpress\/index.php\/wp-json\/wp\/v2\/types\/page"}],"author":[{"embeddable":true,"href":"http:\/\/rockelmann-pictures.de\/wordpress\/index.php\/wp-json\/wp\/v2\/users\/1"}],"replies":[{"embeddable":true,"href":"http:\/\/rockelmann-pictures.de\/wordpress\/index.php\/wp-json\/wp\/v2\/comments?post=554"}],"version-history":[{"count":1,"href":"http:\/\/rockelmann-pictures.de\/wordpress\/index.php\/wp-json\/wp\/v2\/pages\/554\/revisions"}],"predecessor-version":[{"id":558,"href":"http:\/\/rockelmann-pictures.de\/wordpress\/index.php\/wp-json\/wp\/v2\/pages\/554\/revisions\/558"}],"wp:attachment":[{"href":"http:\/\/rockelmann-pictures.de\/wordpress\/index.php\/wp-json\/wp\/v2\/media?parent=554"}],"curies":[{"name":"wp","href":"https:\/\/api.w.org\/{rel}","templated":true}]}}